{"id":3023,"date":"2020-09-24T09:20:15","date_gmt":"2020-09-24T07:20:15","guid":{"rendered":"https:\/\/glaube.synology.me\/wordpress\/?page_id=3023"},"modified":"2020-10-13T11:08:49","modified_gmt":"2020-10-13T09:08:49","slug":"nutzungsbedingungen","status":"publish","type":"page","link":"https:\/\/glaube.synology.me\/wordpress\/nutzungsbedingungen\/","title":{"rendered":"Nutzungsbedingungen"},"content":{"rendered":"\r\n<p class=\"wp-block-paragraph\"><strong>Allgemeine Nutzungsbedingungen<\/strong><\/p>\r\n\r\n\r\n\r\n<p class=\"wp-block-paragraph\">F\u00fcr jede Nutzung des Angebots gelten die folgenden Hinweise.<\/p>\r\n\r\n\r\n\r\n<p class=\"wp-block-paragraph\"><strong>Rechtliche Hinweise zur Nutzung<\/strong><\/p>\r\n\r\n\r\n\r\n<p class=\"wp-block-paragraph\"><strong>1. Geltung<\/strong><br \/>F\u00fcr Nutzer, die keine Blogautoren\/innen sind, gelten diese Bedingungen in der bei Vornahme der Nutzungshandlung jeweils aktuellen Fassung.<\/p>\r\n\r\n\r\n\r\n<p class=\"wp-block-paragraph\"><strong>2. Bereitstellung<\/strong><br \/>\u201eglaube.synology.me\u201c ist st\u00e4ndig bem\u00fcht, einen ordnungsgem\u00e4\u00dfen Betrieb des Angebots sicherzustellen, steht jedoch nicht f\u00fcr die ununterbrochene Nutzbarkeit bzw. Erreichbarkeit des Angebots ein, und haftet insbesondere nicht f\u00fcr technisch bedingte Verz\u00f6gerungen, Unterbrechungen oder Ausf\u00e4lle.<\/p>\r\n\r\n\r\n\r\n<p class=\"wp-block-paragraph\"><strong>3. Haftung<\/strong><br \/><em>a. Eigene Inhalte<\/em><br \/>\u201eglaube.synology.me\u201c hat diese eigenen Inhalte nach bestem Wissen erstellt, \u00fcbernimmt jedoch weder Gew\u00e4hr f\u00fcr deren Richtigkeit, Vollst\u00e4ndigkeit oder Aktualit\u00e4t noch f\u00fcr deren Rechtm\u00e4\u00dfigkeit. \u201eglaube.synology.me\u201c hat keinerlei Einfluss auf die Gestaltung und\/oder auf die Inhalte von per Link verkn\u00fcpften externen Webseiten und ist weder verpflichtet, noch in der Lage, diese laufend kontrollieren.<\/p>\r\n\r\n\r\n\r\n<p class=\"wp-block-paragraph\"><em>b. Fremde Inhalte<\/em><br \/>\u201eglaube.synology.me\u201c ist nach den gesetzlichen Vorschriften der \u00a7\u00a7 8 bis 10 TMG nicht verpflichtet und auch nicht in der Lage, die Rechtm\u00e4\u00dfigkeit der von Blogautoren\/innen hochgeladenen oder publizierten Inhalte umfassend zu pr\u00fcfen und\/oder zu \u00fcberwachen sowie nach Umst\u00e4nden zu forschen, die auf eine rechtswidrige T\u00e4tigkeit hinweisen. Das gilt auch f\u00fcr Hyperlinks. \u201eglaube.synology.me\u201c macht sich diese Inhalte nicht zu eigen.<\/p>\r\n\r\n\r\n\r\n<p class=\"wp-block-paragraph\"><em>c. Kenntnis von Rechtsverletzungen<\/em><br \/>Wenn \u201eglaube.synology.me\u201c auf Gesetzesverst\u00f6\u00dfe und\/oder Rechtsverletzungen hingewiesen wird, werden die entsprechenden Inhalte \u2013 vorbehaltlich umfassender Pr\u00fcfung \u2013 unverz\u00fcglich entfernt. \u201eglaube.synology.me\u201c stellt in geeigneten F\u00e4llen eine Funktion zur Verf\u00fcgung, mittels derer vermeintliche Rechtsverletzungen gemeldet werden k\u00f6nnen.<\/p>\r\n\r\n\r\n\r\n<p class=\"wp-block-paragraph\"><strong>4. Urheberrecht<\/strong><br \/>Die im Rahmen des Angebots ver\u00f6ffentlichten Inhalte (insbesondere Texte und Bilder) sind grunds\u00e4tzlich urheberrechtlich gesch\u00fctzt. Die Vervielf\u00e4ltigung oder die sonstige Nutzung oder Verwertung urheberrechtlich gesch\u00fctzter Inhalte ist ohne die Zustimmung des jeweiligen Rechteinhabers unzul\u00e4ssig. Gestattet ist jedoch die pers\u00f6nliche, nicht kommerzielle Nutzung im Rahmen der Zweckbestimmung des Angebots. Die Nutzer d\u00fcrfen die Inhalte daher zum privaten Gebrauch abrufen, abspeichern und ausdrucken, soweit dies weder unmittelbar noch mittelbar Erwerbszwecken dient.<\/p>\r\n\r\n\r\n\r\n<p class=\"wp-block-paragraph\"><strong>5. \u00c4nderung oder Einstellung des Angebots<\/strong><br \/>\u201eglaube.synology.me\u201c beh\u00e4lt sich vor, Teile des Angebots oder das Angebot als Ganzes ohne gesonderte Ank\u00fcndigung zu ver\u00e4ndern oder die Ver\u00f6ffentlichung zeitweise oder endg\u00fcltig einzustellen. Anspr\u00fcche erwachsen den Nutzern hieraus nicht.<\/p>\r\n\r\n\r\n\r\n<p class=\"wp-block-paragraph\"><strong>6. Datenschutz<\/strong><br \/>Es gelten die Hinweise zum Datenschutz, die hier:<br \/><a href=\"https:\/\/glaube.synology.me\/wordpress\/datenschutzerklaerung\/\">https:\/\/glaube.synology.me\/wordpress\/datenschutzerklaerung\/<\/a><br \/>aufgerufen werden k\u00f6nnen.<\/p>\r\n","protected":false},"excerpt":{"rendered":"<p>Allgemeine Nutzungsbedingungen F\u00fcr jede Nutzung des Angebots gelten die folgenden Hinweise. Rechtliche Hinweise zur Nutzung 1. GeltungF\u00fcr Nutzer, die keine Blogautoren\/innen sind, gelten diese Bedingungen in der bei Vornahme der Nutzungshandlung jeweils aktuellen Fassung. 2. Bereitstellung\u201eglaube.synology.me\u201c ist st\u00e4ndig bem\u00fcht, einen ordnungsgem\u00e4\u00dfen Betrieb des Angebots sicherzustellen, steht jedoch nicht f\u00fcr die ununterbrochene Nutzbarkeit bzw. Erreichbarkeit des&#8230;<\/p>\n","protected":false},"author":1,"featured_media":0,"parent":0,"menu_order":0,"comment_status":"closed","ping_status":"closed","template":"","meta":{"_crdt_document":"","pgc_sgb_lightbox_settings":"","_themeisle_gutenberg_block_has_review":false,"_kad_post_transparent":"","_kad_post_title":"","_kad_post_layout":"","_kad_post_sidebar_id":"","_kad_post_content_style":"","_kad_post_vertical_padding":"","_kad_post_feature":"","_kad_post_feature_position":"","_kad_post_header":false,"_kad_post_footer":false,"footnotes":""},"class_list":["post-3023","page","type-page","status-publish","hentry"],"_links":{"self":[{"href":"https:\/\/glaube.synology.me\/wordpress\/wp-json\/wp\/v2\/pages\/3023","targetHints":{"allow":["GET"]}}],"collection":[{"href":"https:\/\/glaube.synology.me\/wordpress\/wp-json\/wp\/v2\/pages"}],"about":[{"href":"https:\/\/glaube.synology.me\/wordpress\/wp-json\/wp\/v2\/types\/page"}],"author":[{"embeddable":true,"href":"https:\/\/glaube.synology.me\/wordpress\/wp-json\/wp\/v2\/users\/1"}],"replies":[{"embeddable":true,"href":"https:\/\/glaube.synology.me\/wordpress\/wp-json\/wp\/v2\/comments?post=3023"}],"version-history":[{"count":0,"href":"https:\/\/glaube.synology.me\/wordpress\/wp-json\/wp\/v2\/pages\/3023\/revisions"}],"wp:attachment":[{"href":"https:\/\/glaube.synology.me\/wordpress\/wp-json\/wp\/v2\/media?parent=3023"}],"curies":[{"name":"wp","href":"https:\/\/api.w.org\/{rel}","templated":true}]}}