{"id":9,"date":"2020-01-07T17:49:02","date_gmt":"2020-01-07T16:49:02","guid":{"rendered":"http:\/\/soulflight.synology.me\/wordpress\/?page_id=9"},"modified":"2022-05-28T11:39:48","modified_gmt":"2022-05-28T09:39:48","slug":"ueber-uns","status":"publish","type":"page","link":"https:\/\/glaube.synology.me\/wordpress\/ueber-uns\/","title":{"rendered":"\u00dcber uns"},"content":{"rendered":"\n<figure class=\"wp-block-image aligncenter size-large\"><img loading=\"lazy\" decoding=\"async\" width=\"1024\" height=\"398\" src=\"https:\/\/glaube.synology.me\/wordpress\/wp-content\/uploads\/2022\/04\/cropped-KopfBild-1024x398.jpg\" alt=\"\" class=\"wp-image-10271\" srcset=\"https:\/\/glaube.synology.me\/wordpress\/wp-content\/uploads\/2022\/04\/cropped-KopfBild-1024x398.jpg 1024w, https:\/\/glaube.synology.me\/wordpress\/wp-content\/uploads\/2022\/04\/cropped-KopfBild-300x117.jpg 300w, https:\/\/glaube.synology.me\/wordpress\/wp-content\/uploads\/2022\/04\/cropped-KopfBild-768x299.jpg 768w, https:\/\/glaube.synology.me\/wordpress\/wp-content\/uploads\/2022\/04\/cropped-KopfBild.jpg 1100w\" sizes=\"auto, (max-width: 1024px) 100vw, 1024px\" \/><\/figure>\n\n\n\n<h6 class=\"has-text-align-center has-small-font-size wp-block-heading\">Dieser Blog ist unter anderem ein Zusammenschnitt gefundener christlicher Beitr\u00e4ge, die uns zum Nachdenken angeregt haben. F\u00fcr die Inhalte sind die jeweiligen Autoren verantwortlich. Dieser Blog ist nicht kommerziell, sondern wir m\u00f6chten ausschlie\u00dflich den Glauben an Jesus Christus teilen. Alles was wir brauchen, ist in der Bibel zu finden, der HERR gebe uns die Weisheit, sie zu verstehen. Der Kern des Neuen Testaments liegt in der Befreiung des Menschen von der S\u00fcnde, allein nach dem Glauben, unabh\u00e4ngig von den Werken. Diese Einf\u00e4ltigkeit im Glauben ist heute g\u00e4nzlich verloren gegangen.<\/h6>\n\n\n\n<h6 class=\"has-text-align-center has-small-font-size wp-block-heading\">Wir sind bem\u00fcht immer den Verweis oder den Hinweis \u00fcber die Herkunft anzugeben oder zu verlinken. Sollte dieser jedoch einmal fehlen, sind wir f\u00fcr jeden Hinweis dankbar. Sollte ein Beitrag hier unerw\u00fcnscht wiedergegeben werden, schreibt uns bitte an und wir entfernen den Beitrag dann umgehend.<br><br>Denn aus Gnade seid ihr gerettet<br>durch Glauben, und das nicht aus euch,<br>Gottes Gabe ist es<br><br>Epheser 2:8<br><br>Denn wer gestorben ist, der ist frei geworden von der S\u00fcnde<br><br>R\u00f6mer 6:7<br><br>Denn das Gesetz des Geistes des Lebens<br>in Christus Jesus hat dich frei gemacht<br>von dem Gesetz der S\u00fcnde und des Todes<br><br>R\u00f6mer 8:2<br><br><strong>Hilf unserm <\/strong><br><strong>Glauben, wenn <\/strong><br><strong>mutlos wir werden, Lichtblick und Freude<br>erbl\u00fchen aus dir. Dein Reich des Friedens <\/strong><br><strong>lass wachsen auf <\/strong><br><strong>Erden, Werkzeuge <\/strong><br><strong>deiner Verhei\u00dfung <\/strong><br><strong>sind wir. Lehr uns<\/strong>,<br><strong>aus Glaube und <\/strong><br><strong>Liebe zu handeln<br>und so uns selbst <\/strong><br><strong>und die Welt <\/strong><br><strong>zu verwandeln.<\/strong><\/h6>\n\n\n\n<figure class=\"wp-block-image aligncenter size-full\"><img loading=\"lazy\" decoding=\"async\" width=\"729\" height=\"291\" src=\"https:\/\/glaube.synology.me\/wordpress\/wp-content\/uploads\/2022\/04\/grafik-12.png\" alt=\"\" class=\"wp-image-10270\" srcset=\"https:\/\/glaube.synology.me\/wordpress\/wp-content\/uploads\/2022\/04\/grafik-12.png 729w, https:\/\/glaube.synology.me\/wordpress\/wp-content\/uploads\/2022\/04\/grafik-12-300x120.png 300w\" sizes=\"auto, (max-width: 729px) 100vw, 729px\" \/><\/figure>\n\n\n\n<div class=\"wp-block-group is-layout-flow wp-block-group-is-layout-flow\">\n<div class=\"wp-block-buttons is-layout-flex wp-block-buttons-is-layout-flex\">\n<div class=\"wp-block-button\"><a class=\"wp-block-button__link has-black-background-color has-text-color has-background wp-element-button\" href=\"https:\/\/glaube.synology.me\/wordpress\/\" style=\"color:#faeb00\">Zur\u00fcck zur Startseite<\/a><\/div>\n<\/div>\n\n\n\n<hr class=\"wp-block-separator has-css-opacity is-style-wide\"\/>\n<\/div>\n\n\n\n<p class=\"wp-block-paragraph\"><\/p>\n","protected":false},"excerpt":{"rendered":"<p>Dieser Blog ist unter anderem ein Zusammenschnitt gefundener christlicher Beitr\u00e4ge, die uns zum Nachdenken angeregt haben. F\u00fcr die Inhalte sind die jeweiligen Autoren verantwortlich. Dieser Blog ist nicht kommerziell, sondern wir m\u00f6chten ausschlie\u00dflich den Glauben an Jesus Christus teilen. Alles was wir brauchen, ist in der Bibel zu finden, der HERR gebe uns die Weisheit,&#8230;<\/p>\n","protected":false},"author":1,"featured_media":492,"parent":0,"menu_order":0,"comment_status":"closed","ping_status":"closed","template":"","meta":{"_crdt_document":"","pgc_sgb_lightbox_settings":"","_themeisle_gutenberg_block_has_review":false,"_kad_post_transparent":"","_kad_post_title":"","_kad_post_layout":"","_kad_post_sidebar_id":"","_kad_post_content_style":"","_kad_post_vertical_padding":"","_kad_post_feature":"","_kad_post_feature_position":"","_kad_post_header":false,"_kad_post_footer":false,"footnotes":""},"class_list":["post-9","page","type-page","status-publish","has-post-thumbnail","hentry"],"_links":{"self":[{"href":"https:\/\/glaube.synology.me\/wordpress\/wp-json\/wp\/v2\/pages\/9","targetHints":{"allow":["GET"]}}],"collection":[{"href":"https:\/\/glaube.synology.me\/wordpress\/wp-json\/wp\/v2\/pages"}],"about":[{"href":"https:\/\/glaube.synology.me\/wordpress\/wp-json\/wp\/v2\/types\/page"}],"author":[{"embeddable":true,"href":"https:\/\/glaube.synology.me\/wordpress\/wp-json\/wp\/v2\/users\/1"}],"replies":[{"embeddable":true,"href":"https:\/\/glaube.synology.me\/wordpress\/wp-json\/wp\/v2\/comments?post=9"}],"version-history":[{"count":0,"href":"https:\/\/glaube.synology.me\/wordpress\/wp-json\/wp\/v2\/pages\/9\/revisions"}],"wp:featuredmedia":[{"embeddable":true,"href":"https:\/\/glaube.synology.me\/wordpress\/wp-json\/"}],"wp:attachment":[{"href":"https:\/\/glaube.synology.me\/wordpress\/wp-json\/wp\/v2\/media?parent=9"}],"curies":[{"name":"wp","href":"https:\/\/api.w.org\/{rel}","templated":true}]}}